{"id":17,"date":"2021-01-28T15:40:13","date_gmt":"2021-01-28T14:40:13","guid":{"rendered":"http:\/\/ytjclqk.cluster030.hosting.ovh.net\/?page_id=17"},"modified":"2026-01-12T10:54:23","modified_gmt":"2026-01-12T09:54:23","slug":"la-pomme-dor","status":"publish","type":"page","link":"https:\/\/test.restaurant-lapommedor.ch\/","title":{"rendered":"La Pomme d&rsquo;Or"},"content":{"rendered":"\n<div class=\"opening-hours-conditional closed show\" data-data=\"{&quot;open&quot;:false,&quot;open_now&quot;:false,&quot;closed&quot;:true,&quot;closed_now&quot;:true,&quot;hide&quot;:true,&quot;remove_html&quot;:true,&quot;change&quot;:105047,&quot;reload&quot;:false,&quot;immediate&quot;:false,&quot;html&quot;:null}\">\n    <img decoding=\"async\" src=\"\/wp-content\/uploads\/2025\/01\/241_-_2_-_Closed-scaled.jpg\" alt=\"We\u2019re Closed\" style=\"width: 100px; height: 100px; display: block; margin: 0 auto;\">\n<\/div>\n\n\n\n<div class=\"opening-hours-conditional open hide\" data-data=\"{&quot;open&quot;:true,&quot;open_now&quot;:false,&quot;closed&quot;:false,&quot;closed_now&quot;:true,&quot;hide&quot;:true,&quot;remove_html&quot;:true,&quot;change&quot;:105047,&quot;reload&quot;:false,&quot;immediate&quot;:false,&quot;html&quot;:&quot;\\n    &lt;img src=\\&quot;https:\\\/\\\/www.restaurant-lapommedor.ch\\\/wp-content\\\/uploads\\\/2025\\\/01\\\/240_-_2_-_Open-scaled.jpg\\&quot; alt=\\&quot;We\\u2019re Open!\\&quot; style=\\&quot;width: 100px; height: 100px; display: block; margin: 0 auto;\\&quot;&gt;\\n&quot;}\"><\/div>\n\n\n\n<p class=\"open-text\">\n     \n            <span style=\"color: red;\">Nous ne sommes pas ouverts pour le reste de la journ\u00e9e.<\/span><span style=\"color: green;\">Nous serons ouverts demain Mercredi \u00e0 08h00. <\/span>\n<\/p>\n\n\n<div class=\"opening-hours-conditional special empty hide\"><\/div>\n\n\n\n<div class=\"wp-block-columns is-layout-flex wp-container-core-columns-is-layout-9d6595d7 wp-block-columns-is-layout-flex\">\n<div class=\"wp-block-column is-layout-flow wp-block-column-is-layout-flow\" style=\"flex-basis:66.66%\">\n<\/div>\n\n\n\n<div class=\"wp-block-column is-layout-flow wp-block-column-is-layout-flow\" style=\"flex-basis:33.33%\"><\/div>\n<\/div>\n\n\n\n<p>\u2728 <strong>Nouveaux horaires<\/strong> \u2728<br>\u00c0 partir de 2026, nous vous accueillons <strong>du mercredi au dimanche<\/strong>.<br>Merci de votre fid\u00e9lit\u00e9 et \u00e0 tr\u00e8s bient\u00f4t !<\/p>\n\n\n\n<p class=\"has-black-color has-text-color\">\u00c0 tr\u00e8s bient\u00f4t !<br>Maria et Antonio<\/p>\n\n\n\n<hr class=\"wp-block-separator has-css-opacity\"\/>\n\n\n\n<p>Bienvenue \u00e0 La Pomme d&rsquo;Or, <br>Un restaurant familial o\u00f9 Antonio et Maria Pereira et leur \u00e9quipe chaleureuse vous accueillent du mercredi au dimanche.<\/p>\n\n\n\n<p>Nous sommes heureux de vous faire d\u00e9couvrir ou red\u00e9couvrir des plats r\u00e9gionaux et des sp\u00e9cialit\u00e9s portugaises dans une ambiance conviviale et d\u00e9tendue, sans pr\u00e9tention. Notre menu propose une vari\u00e9t\u00e9 de plats all\u00e9chants, tels que des viandes sur ardoise, des cuisses de grenouilles, un cordon bleu fait maison, une fondue vigneronne, un steak tartare, du bacalhau, une francesinha, des gambas, des crevettes \u00e0 l&rsquo;ail, et de d\u00e9licieuses pizzas.<\/p>\n\n\n\n<p>Pour accompagner vos repas, nous proposons une carte des vins qui met en avant les vignobles locaux ainsi que les grands crus de la p\u00e9ninsule ib\u00e9rique.<\/p>\n\n\n\n<p>Nous disposons d&rsquo;une salle principale confortable, d&rsquo;une terrasse ext\u00e9rieure en \u00e9t\u00e9 et d&rsquo;un espace pour les groupes. N&rsquo;h\u00e9sitez pas \u00e0 nous contacter pour r\u00e9server ou organiser un \u00e9v\u00e9nement priv\u00e9.<\/p>\n\n\n\n<p>La Pomme d&rsquo;Or est plus qu&rsquo;un restaurant, c&rsquo;est un lieu o\u00f9 l&rsquo;on peut partager un moment de convivialit\u00e9 et de d\u00e9couverte culinaire en famille, entre amis ou en amoureux. Venez nous rendre visite et laissez-vous transporter par l&rsquo;atmosph\u00e8re chaleureuse et gourmande de notre \u00e9tablissement.<\/p>\n\n\n\n<figure class=\"wp-block-image size-large\"><img loading=\"lazy\" decoding=\"async\" width=\"1024\" height=\"683\" src=\"https:\/\/www.restaurant-lapommedor.ch\/wp-content\/uploads\/2021\/01\/mariaetantonio-1024x683.jpg\" alt=\"\" class=\"wp-image-98\" srcset=\"https:\/\/test.restaurant-lapommedor.ch\/wp-content\/uploads\/2021\/01\/mariaetantonio-1024x683.jpg 1024w, https:\/\/test.restaurant-lapommedor.ch\/wp-content\/uploads\/2021\/01\/mariaetantonio-300x200.jpg 300w, https:\/\/test.restaurant-lapommedor.ch\/wp-content\/uploads\/2021\/01\/mariaetantonio-768x512.jpg 768w, https:\/\/test.restaurant-lapommedor.ch\/wp-content\/uploads\/2021\/01\/mariaetantonio.jpg 1200w\" sizes=\"auto, (max-width: 1024px) 100vw, 1024px\" \/><figcaption class=\"wp-element-caption\">Apples, le 13 janvier 2020. Le restaurant La Pomme d&rsquo;Or. Les patrons Antonio Perreira. . (C\/odile meylan).<\/figcaption><\/figure>\n\n\n\n<ul class=\"wp-block-social-links is-layout-flex wp-block-social-links-is-layout-flex\"><li class=\"wp-social-link wp-social-link-facebook  wp-block-social-link\"><a href=\"https:\/\/www.facebook.com\/Restaurant-Pomme-DOr-880873251988449\" class=\"wp-block-social-link-anchor\"><svg width=\"24\" height=\"24\" viewBox=\"0 0 24 24\" version=\"1.1\" xmlns=\"http:\/\/www.w3.org\/2000\/svg\" aria-hidden=\"true\" focusable=\"false\"><path d=\"M12 2C6.5 2 2 6.5 2 12c0 5 3.7 9.1 8.4 9.9v-7H7.9V12h2.5V9.8c0-2.5 1.5-3.9 3.8-3.9 1.1 0 2.2.2 2.2.2v2.5h-1.3c-1.2 0-1.6.8-1.6 1.6V12h2.8l-.4 2.9h-2.3v7C18.3 21.1 22 17 22 12c0-5.5-4.5-10-10-10z\"><\/path><\/svg><span class=\"wp-block-social-link-label screen-reader-text\">Facebook<\/span><\/a><\/li><\/ul>\n","protected":false},"excerpt":{"rendered":"<p>\u2728 Nouveaux horaires \u2728\u00c0 partir de 2026, nous vous accueillons du mercredi au dimanche.Merci de votre fid\u00e9lit\u00e9 et \u00e0 tr\u00e8s bient\u00f4t ! \u00c0 tr\u00e8s bient\u00f4t !Maria et Antonio Bienvenue \u00e0 La Pomme d&rsquo;Or, Un restaurant familial o\u00f9 Antonio et Maria Pereira et leur \u00e9quipe chaleureuse vous accueillent du mercredi au dimanche. Nous sommes heureux de [&hellip;]<\/p>\n","protected":false},"author":1,"featured_media":0,"parent":0,"menu_order":1,"comment_status":"closed","ping_status":"closed","template":"","meta":{"footnotes":""},"class_list":["post-17","page","type-page","status-publish","hentry"],"_links":{"self":[{"href":"https:\/\/test.restaurant-lapommedor.ch\/index.php\/wp-json\/wp\/v2\/pages\/17","targetHints":{"allow":["GET"]}}],"collection":[{"href":"https:\/\/test.restaurant-lapommedor.ch\/index.php\/wp-json\/wp\/v2\/pages"}],"about":[{"href":"https:\/\/test.restaurant-lapommedor.ch\/index.php\/wp-json\/wp\/v2\/types\/page"}],"author":[{"embeddable":true,"href":"https:\/\/test.restaurant-lapommedor.ch\/index.php\/wp-json\/wp\/v2\/users\/1"}],"replies":[{"embeddable":true,"href":"https:\/\/test.restaurant-lapommedor.ch\/index.php\/wp-json\/wp\/v2\/comments?post=17"}],"version-history":[{"count":176,"href":"https:\/\/test.restaurant-lapommedor.ch\/index.php\/wp-json\/wp\/v2\/pages\/17\/revisions"}],"predecessor-version":[{"id":1683,"href":"https:\/\/test.restaurant-lapommedor.ch\/index.php\/wp-json\/wp\/v2\/pages\/17\/revisions\/1683"}],"wp:attachment":[{"href":"https:\/\/test.restaurant-lapommedor.ch\/index.php\/wp-json\/wp\/v2\/media?parent=17"}],"curies":[{"name":"wp","href":"https:\/\/api.w.org\/{rel}","templated":true}]}}