{"id":19,"date":"2021-01-28T15:42:08","date_gmt":"2021-01-28T14:42:08","guid":{"rendered":"http:\/\/ytjclqk.cluster030.hosting.ovh.net\/?page_id=19"},"modified":"2023-02-15T10:59:12","modified_gmt":"2023-02-15T09:59:12","slug":"lhotel","status":"publish","type":"page","link":"https:\/\/test.restaurant-lapommedor.ch\/index.php\/lhotel\/","title":{"rendered":"Salle de r\u00e9union et chambres"},"content":{"rendered":"\n<h2 class=\"wp-block-heading\">La salle du 1er <\/h2>\n\n\n\n<p>Vous cherchez un lieu pour c\u00e9l\u00e9brer votre mariage, organiser un anniversaire inoubliable, ou r\u00e9unir vos proches pour une soir\u00e9e m\u00e9morable ? La Pomme d&rsquo;Or est l&rsquo;endroit id\u00e9al pour faire de votre \u00e9v\u00e9nement un moment unique et inoubliable !<\/p>\n\n\n\n<p>Notre salle du premier \u00e9tage est spacieuse et accueillante, pouvant accueillir jusqu&rsquo;\u00e0 70 personnes pour vos banquets, mariages, anniversaires, ou tout autre \u00e9v\u00e9nement que vous souhaitez c\u00e9l\u00e9brer.<br>Nous mettons \u00e0 votre disposition notre savoir-faire en mati\u00e8re de cuisine, ainsi qu&rsquo;une \u00e9quipe exp\u00e9riment\u00e9e pour vous accompagner durant votre \u00e9v\u00e9nement.<\/p>\n\n\n\n<p>Imaginez une ambiance chaleureuse et conviviale, et un menu savoureux qui fera le bonheur de vos invit\u00e9s. Notre chef cuisinier saura vous proposer des plats, \u00e9labor\u00e9s \u00e0 partir d&rsquo;ingr\u00e9dients frais et de qualit\u00e9, pour faire de votre repas un moment sympathique.<\/p>\n\n\n\n<p>Contactez-nous d\u00e8s maintenant pour r\u00e9server notre salle du premier \u00e9tage et organiser un \u00e9v\u00e9nement.<\/p>\n\n\n\n<ul class=\"wp-block-list\">\n<li>Wifi <\/li>\n\n\n\n<li>Sonorisation<\/li>\n\n\n\n<li>TV <\/li>\n<\/ul>\n\n\n\n<figure class=\"wp-block-gallery has-nested-images columns-default is-cropped wp-block-gallery-1 is-layout-flex wp-block-gallery-is-layout-flex\">\n<figure class=\"wp-block-image size-large\"><img loading=\"lazy\" decoding=\"async\" width=\"720\" height=\"405\" data-id=\"109\" src=\"https:\/\/www.restaurant-lapommedor.ch\/wp-content\/uploads\/2021\/01\/41099232_1857705410971890_6815047616150110208_n.jpg\" alt=\"\" class=\"wp-image-109\" srcset=\"https:\/\/test.restaurant-lapommedor.ch\/wp-content\/uploads\/2021\/01\/41099232_1857705410971890_6815047616150110208_n.jpg 720w, https:\/\/test.restaurant-lapommedor.ch\/wp-content\/uploads\/2021\/01\/41099232_1857705410971890_6815047616150110208_n-300x169.jpg 300w\" sizes=\"auto, (max-width: 720px) 100vw, 720px\" \/><\/figure>\n<\/figure>\n\n\n\n<p><\/p>\n\n\n\n<hr class=\"wp-block-separator has-alpha-channel-opacity is-style-wide\"\/>\n\n\n\n<h2 class=\"wp-block-heading\">Nos chambres<\/h2>\n\n\n\n<p>Vous cherchez un h\u00e9bergement confortable pour votre s\u00e9jour dans la r\u00e9gion ? La Pomme d&rsquo;Or met \u00e0 votre disposition six chambres accueillantes pour vous offrir un s\u00e9jour paisible et reposant.<\/p>\n\n\n\n<p>Chaque chambre est \u00e9quip\u00e9e d&rsquo;une salle de bain privative.<br>Vous pourrez profiter d&rsquo;une t\u00e9l\u00e9vision par c\u00e2ble pour vous d\u00e9tendre apr\u00e8s une journ\u00e9e de d\u00e9couverte, ainsi que d&rsquo;un acc\u00e8s wifi gratuit pour rester connect\u00e9 avec vos proches.<\/p>\n\n\n\n<p>Nous mettons \u00e9galement \u00e0 votre disposition un parking gratuit pour vous permettre de stationner en toute tranquillit\u00e9.<\/p>\n\n\n\n<p>Vous pouvez choisir entre une chambre lit simple pour une personne \u00e0  70.- ou une chambre lit double pour deux personnes \u00e0  85.-. <\/p>\n\n\n\n<p>Que vous soyez en d\u00e9placement professionnel ou en vacances, nos chambres confortables sauront r\u00e9pondre \u00e0 vos attentes. R\u00e9servez d\u00e8s maintenant pour profiter d&rsquo;un s\u00e9jour paisible et reposant \u00e0 La Pomme d&rsquo;Or !<\/p>\n\n\n\n<ul class=\"wp-block-list\">\n<li>Salle de bain privative<\/li>\n\n\n\n<li>TV par c\u00e2ble <\/li>\n\n\n\n<li>Wifi gratuit<\/li>\n\n\n\n<li>Parking gratuit<\/li>\n<\/ul>\n\n\n\n<ul class=\"wp-block-list\">\n<li>Chambre lit simple: 70.-<\/li>\n\n\n\n<li>Chambre lit double: 85.-<br>&nbsp;<\/li>\n<\/ul>\n\n\n\n<p><a href=\"https:\/\/www.restaurant-lapommedor.ch\/index.php\/contact-et-horaires\/\" data-type=\"page\" data-id=\"52\">Contactez-nous<\/a> pour une r\u00e9servation !<\/p>\n\n\n\n<figure class=\"wp-block-gallery has-nested-images columns-default is-cropped wp-block-gallery-2 is-layout-flex wp-block-gallery-is-layout-flex\">\n<figure class=\"wp-block-image size-large\"><img loading=\"lazy\" decoding=\"async\" width=\"528\" height=\"960\" data-id=\"92\" src=\"https:\/\/www.restaurant-lapommedor.ch\/wp-content\/uploads\/2021\/01\/chambre.jpg\" alt=\"\" class=\"wp-image-92\" srcset=\"https:\/\/test.restaurant-lapommedor.ch\/wp-content\/uploads\/2021\/01\/chambre.jpg 528w, https:\/\/test.restaurant-lapommedor.ch\/wp-content\/uploads\/2021\/01\/chambre-165x300.jpg 165w\" sizes=\"auto, (max-width: 528px) 100vw, 528px\" \/><\/figure>\n\n\n\n<figure class=\"wp-block-image size-large\"><img loading=\"lazy\" decoding=\"async\" width=\"528\" height=\"960\" data-id=\"93\" src=\"https:\/\/www.restaurant-lapommedor.ch\/wp-content\/uploads\/2021\/01\/chambre2.jpg\" alt=\"\" class=\"wp-image-93\" srcset=\"https:\/\/test.restaurant-lapommedor.ch\/wp-content\/uploads\/2021\/01\/chambre2.jpg 528w, https:\/\/test.restaurant-lapommedor.ch\/wp-content\/uploads\/2021\/01\/chambre2-165x300.jpg 165w\" sizes=\"auto, (max-width: 528px) 100vw, 528px\" \/><\/figure>\n\n\n\n<figure class=\"wp-block-image size-large\"><img loading=\"lazy\" decoding=\"async\" width=\"528\" height=\"960\" data-id=\"94\" src=\"https:\/\/www.restaurant-lapommedor.ch\/wp-content\/uploads\/2021\/01\/chambre3.jpg\" alt=\"\" class=\"wp-image-94\" srcset=\"https:\/\/test.restaurant-lapommedor.ch\/wp-content\/uploads\/2021\/01\/chambre3.jpg 528w, https:\/\/test.restaurant-lapommedor.ch\/wp-content\/uploads\/2021\/01\/chambre3-165x300.jpg 165w\" sizes=\"auto, (max-width: 528px) 100vw, 528px\" \/><\/figure>\n\n\n\n<figure class=\"wp-block-image size-large\"><img loading=\"lazy\" decoding=\"async\" width=\"399\" height=\"589\" data-id=\"95\" src=\"https:\/\/www.restaurant-lapommedor.ch\/wp-content\/uploads\/2021\/01\/chambre4.jpg\" alt=\"\" class=\"wp-image-95\" srcset=\"https:\/\/test.restaurant-lapommedor.ch\/wp-content\/uploads\/2021\/01\/chambre4.jpg 399w, https:\/\/test.restaurant-lapommedor.ch\/wp-content\/uploads\/2021\/01\/chambre4-203x300.jpg 203w\" sizes=\"auto, (max-width: 399px) 100vw, 399px\" \/><\/figure>\n\n\n\n<figure class=\"wp-block-image size-large\"><img loading=\"lazy\" decoding=\"async\" width=\"528\" height=\"960\" data-id=\"96\" src=\"https:\/\/www.restaurant-lapommedor.ch\/wp-content\/uploads\/2021\/01\/chambre-sdb.jpg\" alt=\"\" class=\"wp-image-96\" srcset=\"https:\/\/test.restaurant-lapommedor.ch\/wp-content\/uploads\/2021\/01\/chambre-sdb.jpg 528w, https:\/\/test.restaurant-lapommedor.ch\/wp-content\/uploads\/2021\/01\/chambre-sdb-165x300.jpg 165w\" sizes=\"auto, (max-width: 528px) 100vw, 528px\" \/><\/figure>\n<\/figure>\n\n\n\n<p><\/p>\n","protected":false},"excerpt":{"rendered":"<p>La salle du 1er Vous cherchez un lieu pour c\u00e9l\u00e9brer votre mariage, organiser un anniversaire inoubliable, ou r\u00e9unir vos proches pour une soir\u00e9e m\u00e9morable ? La Pomme d&rsquo;Or est l&rsquo;endroit id\u00e9al pour faire de votre \u00e9v\u00e9nement un moment unique et inoubliable ! Notre salle du premier \u00e9tage est spacieuse et accueillante, pouvant accueillir jusqu&rsquo;\u00e0 70 [&hellip;]<\/p>\n","protected":false},"author":1,"featured_media":0,"parent":0,"menu_order":4,"comment_status":"closed","ping_status":"closed","template":"","meta":{"footnotes":""},"class_list":["post-19","page","type-page","status-publish","hentry"],"_links":{"self":[{"href":"https:\/\/test.restaurant-lapommedor.ch\/index.php\/wp-json\/wp\/v2\/pages\/19","targetHints":{"allow":["GET"]}}],"collection":[{"href":"https:\/\/test.restaurant-lapommedor.ch\/index.php\/wp-json\/wp\/v2\/pages"}],"about":[{"href":"https:\/\/test.restaurant-lapommedor.ch\/index.php\/wp-json\/wp\/v2\/types\/page"}],"author":[{"embeddable":true,"href":"https:\/\/test.restaurant-lapommedor.ch\/index.php\/wp-json\/wp\/v2\/users\/1"}],"replies":[{"embeddable":true,"href":"https:\/\/test.restaurant-lapommedor.ch\/index.php\/wp-json\/wp\/v2\/comments?post=19"}],"version-history":[{"count":12,"href":"https:\/\/test.restaurant-lapommedor.ch\/index.php\/wp-json\/wp\/v2\/pages\/19\/revisions"}],"predecessor-version":[{"id":952,"href":"https:\/\/test.restaurant-lapommedor.ch\/index.php\/wp-json\/wp\/v2\/pages\/19\/revisions\/952"}],"wp:attachment":[{"href":"https:\/\/test.restaurant-lapommedor.ch\/index.php\/wp-json\/wp\/v2\/media?parent=19"}],"curies":[{"name":"wp","href":"https:\/\/api.w.org\/{rel}","templated":true}]}}