{"id":52,"date":"2021-01-28T16:20:27","date_gmt":"2021-01-28T15:20:27","guid":{"rendered":"http:\/\/ytjclqk.cluster030.hosting.ovh.net\/?page_id=52"},"modified":"2025-01-02T01:20:14","modified_gmt":"2025-01-02T00:20:14","slug":"contact-et-horaires","status":"publish","type":"page","link":"https:\/\/test.restaurant-lapommedor.ch\/index.php\/contact-et-horaires\/","title":{"rendered":"Contact et horaires"},"content":{"rendered":"\n<p>La Pomme d&rsquo;Or <br>Rue d&rsquo;en Haut 32<br>1143 Apples<br><a href=\"tel:+41218003235\" data-type=\"tel\" data-id=\"tel:+41218003235\">021 800 32 35<\/a><\/p>\n\n\n\n<hr class=\"wp-block-separator has-css-opacity\"\/>\n\n\n\n<div class=\"opening-hours-conditional special empty hide\"><\/div>\n\n\n\n<p class=\"open-text\">\n     \n            <span style=\"color: red;\">Nous ne sommes pas ouverts pour le reste de la journ\u00e9e.<\/span><span style=\"color: green;\">Nous serons ouverts demain \u00e0 08h00. <\/span>\n<\/p>\n\n\n<table class=\"opening-hours\">\r\n\t<tr class=\"day lundi past weekday closed\">\r\n\t\t<th class=\"day-name\">Lundi:<\/th>\r\n\t\t<td class=\"hours\">Ferm\u00e9<\/td>\r\n\t<\/tr>\r\n\t<tr class=\"day mardi today weekday closed\">\r\n\t\t<th class=\"day-name\">Mardi:<\/th>\r\n\t\t<td class=\"hours\">Ferm\u00e9<\/td>\r\n\t<\/tr>\r\n\t<tr class=\"day mercredi tomorrow future weekday group-2\">\r\n\t\t<th class=\"day-name\">Mercredi:<\/th>\r\n\t\t<td class=\"hours\">08h00 \u2013 14h30, 17h30 \u2013 23h00<\/td>\r\n\t<\/tr>\r\n\t<tr class=\"day jeudi future weekday group-2\">\r\n\t\t<th class=\"day-name\">Jeudi:<\/th>\r\n\t\t<td class=\"hours\">08h00 \u2013 14h30, 17h30 \u2013 23h00<\/td>\r\n\t<\/tr>\r\n\t<tr class=\"day vendredi future weekday group-2\">\r\n\t\t<th class=\"day-name\">Vendredi:<\/th>\r\n\t\t<td class=\"hours\">08h00 \u2013 14h30, 17h30 \u2013 23h00<\/td>\r\n\t<\/tr>\r\n\t<tr class=\"day samedi future weekend group-2\">\r\n\t\t<th class=\"day-name\">Samedi:<\/th>\r\n\t\t<td class=\"hours\">09h00 \u2013 14h30, 17h30 \u2013 23h00<\/td>\r\n\t<\/tr>\r\n\t<tr class=\"day dimanche future weekend\">\r\n\t\t<th class=\"day-name\">Dimanche:<\/th>\r\n\t\t<td class=\"hours\">09h00 \u2013 23h00<\/td>\r\n\t<\/tr>\r\n<\/table>\r\n\n\n\n\n<hr class=\"wp-block-separator has-css-opacity\"\/>\n\n\n\n<p>Pour r\u00e9server une table \u00e0 La Pomme d&rsquo;Or, veuillez remplir notre formulaire en ligne. <strong>Les r\u00e9servations pour le jour m\u00eame et les commandes \u00e0 emporter doivent \u00eatre effectu\u00e9es par t\u00e9l\u00e9phone.<\/strong> Nous sommes impatients de vous accueillir et de vous faire d\u00e9couvrir notre cuisine et notre ambiance chaleureuse.<\/p>\n\n\n\n<div class=\"wp-block-contact-form-7-contact-form-selector\">\n<div class=\"wpcf7 no-js\" id=\"wpcf7-f51-o1\" lang=\"fr-FR\" dir=\"ltr\" data-wpcf7-id=\"51\">\n<div class=\"screen-reader-response\"><p role=\"status\" aria-live=\"polite\" aria-atomic=\"true\"><\/p> <ul><\/ul><\/div>\n<form action=\"\/index.php\/wp-json\/wp\/v2\/pages\/52#wpcf7-f51-o1\" method=\"post\" class=\"wpcf7-form init\" aria-label=\"Formulaire de contact\" novalidate=\"novalidate\" data-status=\"init\">\n<fieldset class=\"hidden-fields-container\"><input type=\"hidden\" name=\"_wpcf7\" value=\"51\" \/><input type=\"hidden\" name=\"_wpcf7_version\" value=\"6.1.5\" \/><input type=\"hidden\" name=\"_wpcf7_locale\" value=\"fr_FR\" \/><input type=\"hidden\" name=\"_wpcf7_unit_tag\" value=\"wpcf7-f51-o1\" \/><input type=\"hidden\" name=\"_wpcf7_container_post\" value=\"0\" \/><input type=\"hidden\" name=\"_wpcf7_posted_data_hash\" value=\"\" \/><input type=\"hidden\" name=\"_wpcf7cf_hidden_group_fields\" value=\"[]\" \/><input type=\"hidden\" name=\"_wpcf7cf_hidden_groups\" value=\"[]\" \/><input type=\"hidden\" name=\"_wpcf7cf_visible_groups\" value=\"[]\" \/><input type=\"hidden\" name=\"_wpcf7cf_repeaters\" value=\"[]\" \/><input type=\"hidden\" name=\"_wpcf7cf_steps\" value=\"{}\" \/><input type=\"hidden\" name=\"_wpcf7cf_options\" value=\"{&quot;form_id&quot;:51,&quot;conditions&quot;:[],&quot;settings&quot;:{&quot;animation&quot;:&quot;yes&quot;,&quot;animation_intime&quot;:200,&quot;animation_outtime&quot;:200,&quot;conditions_ui&quot;:&quot;normal&quot;,&quot;notice_dismissed&quot;:false,&quot;repeater_remove_button&quot;:&quot;bottom&quot;}}\" \/><input type=\"hidden\" name=\"_wpcf7_recaptcha_response\" value=\"\" \/>\n<\/fieldset>\n<p><label> Formule de politesse:<br \/>\n<span class=\"wpcf7-form-control-wrap\" data-name=\"politesse\"><select class=\"wpcf7-form-control wpcf7-select wpcf7-validates-as-required\" aria-required=\"true\" aria-invalid=\"false\" name=\"politesse\"><option value=\"Choisissez\">Choisissez<\/option><option value=\"Madame\">Madame<\/option><option value=\"Monsieur\">Monsieur<\/option><\/select><\/span> <\/label>\n<\/p>\n<p><label> Votre nom:<br \/>\n<span class=\"wpcf7-form-control-wrap\" data-name=\"your-name\"><input size=\"40\" maxlength=\"400\" class=\"wpcf7-form-control wpcf7-text wpcf7-validates-as-required\" aria-required=\"true\" aria-invalid=\"false\" placeholder=\"Nom + Pr\u00e9nom\" value=\"\" type=\"text\" name=\"your-name\" \/><\/span> <\/label>\n<\/p>\n<p><label> Votre e-mail:<br \/>\n<span class=\"wpcf7-form-control-wrap\" data-name=\"your-email\"><input size=\"40\" maxlength=\"400\" class=\"wpcf7-form-control wpcf7-email wpcf7-validates-as-required wpcf7-text wpcf7-validates-as-email\" aria-required=\"true\" aria-invalid=\"false\" placeholder=\"Email\" value=\"\" type=\"email\" name=\"your-email\" \/><\/span> <\/label>\n<\/p>\n<p><label> T\u00e9l\u00e9phone:<br \/>\n<span class=\"wpcf7-form-control-wrap\" data-name=\"tel-933\"><input size=\"40\" maxlength=\"400\" class=\"wpcf7-form-control wpcf7-tel wpcf7-text wpcf7-validates-as-tel\" aria-invalid=\"false\" placeholder=\"+41\" value=\"\" type=\"tel\" name=\"tel-933\" \/><\/span> <\/label>\n<\/p>\n<p><label> Objet:<br \/>\n<span class=\"wpcf7-form-control-wrap\" data-name=\"your-subject\"><input size=\"40\" maxlength=\"400\" class=\"wpcf7-form-control wpcf7-text wpcf7-validates-as-required\" aria-required=\"true\" aria-invalid=\"false\" placeholder=\"Votre sujet\" value=\"\" type=\"text\" name=\"your-subject\" \/><\/span> <\/label>\n<\/p>\n<p><label> Votre message:<br \/>\n<span class=\"wpcf7-form-control-wrap\" data-name=\"your-message\"><textarea cols=\"40\" rows=\"10\" maxlength=\"2000\" class=\"wpcf7-form-control wpcf7-textarea wpcf7-validates-as-required\" aria-required=\"true\" aria-invalid=\"false\" placeholder=\"Votre message\" name=\"your-message\"><\/textarea><\/span> <\/label>\n<\/p>\n<p><span id=\"wpcf7-6a0284351dc1c-wrapper\" class=\"wpcf7-form-control-wrap mail-170-wrap\" ><label for=\"wpcf7-6a0284351dc1c-field\" class=\"hp-message\">Veuillez laisser ce champ vide.<\/label><input id=\"wpcf7-6a0284351dc1c-field\"  class=\"wpcf7-form-control wpcf7-text\" type=\"text\" name=\"mail-170\" value=\"\" size=\"40\" tabindex=\"-1\" autocomplete=\"new-password\" \/><\/span>\n<\/p>\n<span class=\"wpcf7-form-control-wrap recaptcha\" data-name=\"recaptcha\"><span data-sitekey=\"6LfeCkAaAAAAAFnAFOH26SgDUaT3Mm870mIMB5Ib\" class=\"wpcf7-form-control wpcf7-recaptcha g-recaptcha\"><\/span>\r\n<noscript>\r\n\t<div class=\"grecaptcha-noscript\">\r\n\t\t<iframe loading=\"lazy\" src=\"https:\/\/www.google.com\/recaptcha\/api\/fallback?k=6LfeCkAaAAAAAFnAFOH26SgDUaT3Mm870mIMB5Ib\" frameborder=\"0\" scrolling=\"no\" width=\"310\" height=\"430\">\r\n\t\t<\/iframe>\r\n\t\t<textarea name=\"g-recaptcha-response\" rows=\"3\" cols=\"40\" placeholder=\"reCaptcha Response Here\">\r\n\t\t<\/textarea>\r\n\t<\/div>\r\n<\/noscript>\r\n<\/span>\n<p><input class=\"wpcf7-form-control wpcf7-submit has-spinner\" type=\"submit\" value=\"Envoyer\" \/>\n<\/p><p style=\"display: none !important;\" class=\"akismet-fields-container\" data-prefix=\"_wpcf7_ak_\"><label>&#916;<textarea name=\"_wpcf7_ak_hp_textarea\" cols=\"45\" rows=\"8\" maxlength=\"100\"><\/textarea><\/label><input type=\"hidden\" id=\"ak_js_1\" name=\"_wpcf7_ak_js\" value=\"1\"\/><script type=\"text\/javascript\">\n\/* <![CDATA[ *\/\ndocument.getElementById( \"ak_js_1\" ).setAttribute( \"value\", ( new Date() ).getTime() );\n\/* ]]> *\/\n<\/script>\n<\/p><div class=\"wpcf7-response-output\" aria-hidden=\"true\"><\/div>\n<\/form>\n<\/div>\n<\/div>\n\n\n\n<ul class=\"wp-block-social-links is-layout-flex wp-block-social-links-is-layout-flex\"><li class=\"wp-social-link wp-social-link-facebook  wp-block-social-link\"><a href=\"https:\/\/www.facebook.com\/Restaurant-Pomme-DOr-880873251988449\" class=\"wp-block-social-link-anchor\"><svg width=\"24\" height=\"24\" viewBox=\"0 0 24 24\" version=\"1.1\" xmlns=\"http:\/\/www.w3.org\/2000\/svg\" aria-hidden=\"true\" focusable=\"false\"><path d=\"M12 2C6.5 2 2 6.5 2 12c0 5 3.7 9.1 8.4 9.9v-7H7.9V12h2.5V9.8c0-2.5 1.5-3.9 3.8-3.9 1.1 0 2.2.2 2.2.2v2.5h-1.3c-1.2 0-1.6.8-1.6 1.6V12h2.8l-.4 2.9h-2.3v7C18.3 21.1 22 17 22 12c0-5.5-4.5-10-10-10z\"><\/path><\/svg><span class=\"wp-block-social-link-label screen-reader-text\">Facebook<\/span><\/a><\/li><\/ul>\n\n\n\n<p><\/p>\n","protected":false},"excerpt":{"rendered":"<p>La Pomme d&rsquo;Or Rue d&rsquo;en Haut 321143 Apples021 800 32 35 Pour r\u00e9server une table \u00e0 La Pomme d&rsquo;Or, veuillez remplir notre formulaire en ligne. Les r\u00e9servations pour le jour m\u00eame et les commandes \u00e0 emporter doivent \u00eatre effectu\u00e9es par t\u00e9l\u00e9phone. Nous sommes impatients de vous accueillir et de vous faire d\u00e9couvrir notre cuisine et [&hellip;]<\/p>\n","protected":false},"author":1,"featured_media":0,"parent":0,"menu_order":6,"comment_status":"closed","ping_status":"closed","template":"","meta":{"footnotes":""},"class_list":["post-52","page","type-page","status-publish","hentry"],"_links":{"self":[{"href":"https:\/\/test.restaurant-lapommedor.ch\/index.php\/wp-json\/wp\/v2\/pages\/52","targetHints":{"allow":["GET"]}}],"collection":[{"href":"https:\/\/test.restaurant-lapommedor.ch\/index.php\/wp-json\/wp\/v2\/pages"}],"about":[{"href":"https:\/\/test.restaurant-lapommedor.ch\/index.php\/wp-json\/wp\/v2\/types\/page"}],"author":[{"embeddable":true,"href":"https:\/\/test.restaurant-lapommedor.ch\/index.php\/wp-json\/wp\/v2\/users\/1"}],"replies":[{"embeddable":true,"href":"https:\/\/test.restaurant-lapommedor.ch\/index.php\/wp-json\/wp\/v2\/comments?post=52"}],"version-history":[{"count":49,"href":"https:\/\/test.restaurant-lapommedor.ch\/index.php\/wp-json\/wp\/v2\/pages\/52\/revisions"}],"predecessor-version":[{"id":1331,"href":"https:\/\/test.restaurant-lapommedor.ch\/index.php\/wp-json\/wp\/v2\/pages\/52\/revisions\/1331"}],"wp:attachment":[{"href":"https:\/\/test.restaurant-lapommedor.ch\/index.php\/wp-json\/wp\/v2\/media?parent=52"}],"curies":[{"name":"wp","href":"https:\/\/api.w.org\/{rel}","templated":true}]}}